



{"id":210,"date":"2024-01-25T18:33:30","date_gmt":"2024-01-25T18:33:30","guid":{"rendered":"http:\/\/new.cinefort.hu\/?page_id=210"},"modified":"2024-04-29T16:32:18","modified_gmt":"2024-04-29T15:32:18","slug":"laboratorio-dcp","status":"publish","type":"page","link":"https:\/\/www.cinefort.es\/index.php\/laboratorio-dcp\/","title":{"rendered":"Laboratorio DCP"},"content":{"rendered":"\n<p>Un Digital Cinema Package (Paquete Digital Para Cine, DCP) es una colecci\u00f3n de archivos digitales que se usa para almacenar y transmitir los flujos de audio, imagen y datos del cine digital. Este es el formato est\u00e1ndar aceptado en los cines de todo el mundo.<\/p>\n\n\n\n<p>Introducido por Digital Cinema Initiatives (DCI), este formato est\u00e1 dise\u00f1ado para almacenar contenidos de cine digital. B\u00e1sicamente, replica la experiencia de la pel\u00edcula de 35mm y, incluso, puede proporcionar una calidad superior.<\/p>\n\n\n\n<p>El formato consta de archivos MXF (Material eXchange Format) de varios gigabytes y archivos auxiliares de \u00edndice. Un paquete DCP contiene dos archivos MXF: uno almacena flujos de v\u00eddeo y el otro flujos de audio. Los archivos de \u00edndice contienen metadatos para el proyector digital, incluyendo el t\u00edtulo, la duraci\u00f3n y el contenido de la pel\u00edcula.<\/p>\n\n\n\n<p>Los archivos MXF est\u00e1n compuestos por archivos JPEG2000, cada uno exportado individualmente de la pel\u00edcula terminada (cada archivo .j2c representa un solo fotograma). El audio est\u00e1 en formato PCM lineal.<\/p>\n\n\n\n<p>Nuestra empresa se dedica a la producci\u00f3n y postproducci\u00f3n de copias DCP desde 2010. Nos encargamos de la creaci\u00f3n de copias de cine digital seg\u00fan las normas de DCI con poca antelaci\u00f3n, a partir de varios formatos de v\u00eddeo, as\u00ed como tambi\u00e9n los servicios integrales de postproducci\u00f3n para copias DCP, la conversi\u00f3n de v\u00eddeo de materiales con origen DCP, la encriptaci\u00f3n y desencriptaci\u00f3n de DCPs, la duplicaci\u00f3n, la log\u00edstica y la distribuci\u00f3n de los materiales terminados.<\/p>\n\n\n\n<p>Un software disponible comercialmente no puede reemplazar los a\u00f1os de experiencia profesional que posee nuestra empresa. Garantizamos que nuestras copias funcionar\u00e1n adecuadamente en cualquier lugar de proyecci\u00f3n.<\/p>\n\n\n\n<p>Si la calidad de proyecci\u00f3n de la copia es importante para usted, desea proyectar la copia en m\u00faltiples ubicaciones y carece de la experiencia, el tiempo o los recursos para producir las copias, <a href=\"https:\/\/www.cinefort.es\/index.php\/precios\/\" data-type=\"page\" data-id=\"671\">elija nuestros servicios.<\/a><\/p>\n","protected":false},"excerpt":{"rendered":"<p>Un Digital Cinema Package (Paquete Digital Para Cine, DCP) es una colecci\u00f3n de archivos digitales que se usa para almacenar y transmitir los flujos de audio, imagen y datos del cine digital. Este es el formato est\u00e1ndar aceptado en los cines de todo el mundo. Introducido por Digital Cinema Initiatives (DCI), este formato est\u00e1 dise\u00f1ado [&hellip;]<\/p>\n","protected":false},"author":1,"featured_media":0,"parent":0,"menu_order":0,"comment_status":"closed","ping_status":"closed","template":"page-templates\/page-full-width.php","meta":{"footnotes":""},"class_list":["post-210","page","type-page","status-publish","hentry"],"_links":{"self":[{"href":"https:\/\/www.cinefort.es\/index.php\/wp-json\/wp\/v2\/pages\/210","targetHints":{"allow":["GET"]}}],"collection":[{"href":"https:\/\/www.cinefort.es\/index.php\/wp-json\/wp\/v2\/pages"}],"about":[{"href":"https:\/\/www.cinefort.es\/index.php\/wp-json\/wp\/v2\/types\/page"}],"author":[{"embeddable":true,"href":"https:\/\/www.cinefort.es\/index.php\/wp-json\/wp\/v2\/users\/1"}],"replies":[{"embeddable":true,"href":"https:\/\/www.cinefort.es\/index.php\/wp-json\/wp\/v2\/comments?post=210"}],"version-history":[{"count":7,"href":"https:\/\/www.cinefort.es\/index.php\/wp-json\/wp\/v2\/pages\/210\/revisions"}],"predecessor-version":[{"id":871,"href":"https:\/\/www.cinefort.es\/index.php\/wp-json\/wp\/v2\/pages\/210\/revisions\/871"}],"wp:attachment":[{"href":"https:\/\/www.cinefort.es\/index.php\/wp-json\/wp\/v2\/media?parent=210"}],"curies":[{"name":"wp","href":"https:\/\/api.w.org\/{rel}","templated":true}]}}